{"id":6,"date":"2022-10-28T12:18:04","date_gmt":"2022-10-28T09:18:04","guid":{"rendered":"http:\/\/www.yhteisotila.kulttuurivoimala.fi\/?page_id=6"},"modified":"2026-03-12T17:50:22","modified_gmt":"2026-03-12T15:50:22","slug":"etusivu","status":"publish","type":"page","link":"https:\/\/www.yhteisotila.kulttuurivoimala.fi\/en\/","title":{"rendered":"Home"},"content":{"rendered":"<div data-elementor-type=\"wp-post\" data-elementor-id=\"6\" class=\"elementor elementor-6\">\n\t\t\t\t\t\t\t\t\t<section class=\"elementor-section elementor-top-section elementor-element elementor-element-5c48a6f elementor-section-boxed elementor-section-height-default elementor-section-height-default wpr-particle-no wpr-jarallax-no wpr-parallax-no wpr-sticky-section-no\" data-id=\"5c48a6f\" data-element_type=\"section\">\n\t\t\t\t\t\t<div class=\"elementor-container elementor-column-gap-default\">\n\t\t\t\t\t<div class=\"elementor-column elementor-col-100 elementor-top-column elementor-element elementor-element-b4c5157\" data-id=\"b4c5157\" data-element_type=\"column\">\n\t\t\t<div class=\"elementor-widget-wrap elementor-element-populated\">\n\t\t\t\t\t\t\t\t<div class=\"elementor-element elementor-element-835da1c elementor-widget elementor-widget-spacer\" data-id=\"835da1c\" data-element_type=\"widget\" data-widget_type=\"spacer.default\">\n\t\t\t\t<div class=\"elementor-widget-container\">\n\t\t\t<style>\/*! elementor - v3.9.0 - 06-12-2022 *\/\n.elementor-column .elementor-spacer-inner{height:var(--spacer-size)}.e-con{--container-widget-width:100%}.e-con-inner>.elementor-widget-spacer,.e-con>.elementor-widget-spacer{width:var(--container-widget-width,var(--spacer-size));--align-self:var(--container-widget-align-self,initial);--flex-shrink:0}.e-con-inner>.elementor-widget-spacer>.elementor-widget-container,.e-con-inner>.elementor-widget-spacer>.elementor-widget-container>.elementor-spacer,.e-con>.elementor-widget-spacer>.elementor-widget-container,.e-con>.elementor-widget-spacer>.elementor-widget-container>.elementor-spacer{height:100%}.e-con-inner>.elementor-widget-spacer>.elementor-widget-container>.elementor-spacer>.elementor-spacer-inner,.e-con>.elementor-widget-spacer>.elementor-widget-container>.elementor-spacer>.elementor-spacer-inner{height:var(--container-widget-height,var(--spacer-size))}<\/style>\t\t<div class=\"elementor-spacer\">\n\t\t\t<div class=\"elementor-spacer-inner\"><\/div>\n\t\t<\/div>\n\t\t\t\t<\/div>\n\t\t\t\t<\/div>\n\t\t\t\t<div class=\"elementor-element elementor-element-f8c8d43 elementor-widget elementor-widget-spacer\" data-id=\"f8c8d43\" data-element_type=\"widget\" data-widget_type=\"spacer.default\">\n\t\t\t\t<div class=\"elementor-widget-container\">\n\t\t\t\t\t<div class=\"elementor-spacer\">\n\t\t\t<div class=\"elementor-spacer-inner\"><\/div>\n\t\t<\/div>\n\t\t\t\t<\/div>\n\t\t\t\t<\/div>\n\t\t\t\t\t<\/div>\n\t\t<\/div>\n\t\t\t\t\t\t\t<\/div>\n\t\t<\/section>\n\t\t\t\t<section class=\"elementor-section elementor-top-section elementor-element elementor-element-2cf2501 elementor-section-full_width elementor-section-stretched elementor-section-height-min-height elementor-section-items-bottom elementor-section-height-default wpr-particle-no wpr-jarallax-no wpr-parallax-no wpr-sticky-section-no\" data-id=\"2cf2501\" data-element_type=\"section\" data-settings=\"{&quot;stretch_section&quot;:&quot;section-stretched&quot;,&quot;background_background&quot;:&quot;classic&quot;}\">\n\t\t\t\t\t\t\t<div class=\"elementor-background-overlay\"><\/div>\n\t\t\t\t\t\t\t<div class=\"elementor-container elementor-column-gap-no\">\n\t\t\t\t\t<div class=\"elementor-column elementor-col-100 elementor-top-column elementor-element elementor-element-7c46ccd\" data-id=\"7c46ccd\" data-element_type=\"column\">\n\t\t\t<div class=\"elementor-widget-wrap elementor-element-populated\">\n\t\t\t\t\t\t\t\t<div class=\"elementor-element elementor-element-d17bd64 elementor-widget elementor-widget-heading\" data-id=\"d17bd64\" data-element_type=\"widget\" data-widget_type=\"heading.default\">\n\t\t\t\t<div class=\"elementor-widget-container\">\n\t\t\t<style>\/*! elementor - v3.9.0 - 06-12-2022 *\/\n.elementor-heading-title{padding:0;margin:0;line-height:1}.elementor-widget-heading .elementor-heading-title[class*=elementor-size-]>a{color:inherit;font-size:inherit;line-height:inherit}.elementor-widget-heading .elementor-heading-title.elementor-size-small{font-size:15px}.elementor-widget-heading .elementor-heading-title.elementor-size-medium{font-size:19px}.elementor-widget-heading .elementor-heading-title.elementor-size-large{font-size:29px}.elementor-widget-heading .elementor-heading-title.elementor-size-xl{font-size:39px}.elementor-widget-heading .elementor-heading-title.elementor-size-xxl{font-size:59px}<\/style><h2 class=\"elementor-heading-title elementor-size-default\">Yhteis\u00f6tila Alvari<\/h2>\t\t<\/div>\n\t\t\t\t<\/div>\n\t\t\t\t\t<\/div>\n\t\t<\/div>\n\t\t\t\t\t\t\t<\/div>\n\t\t<\/section>\n\t\t\t\t<section class=\"elementor-section elementor-top-section elementor-element elementor-element-1971bea elementor-section-boxed elementor-section-height-default elementor-section-height-default wpr-particle-no wpr-jarallax-no wpr-parallax-no wpr-sticky-section-no\" data-id=\"1971bea\" data-element_type=\"section\">\n\t\t\t\t\t\t<div class=\"elementor-container elementor-column-gap-default\">\n\t\t\t\t\t<div class=\"elementor-column elementor-col-100 elementor-top-column elementor-element elementor-element-4ec6ad2\" data-id=\"4ec6ad2\" data-element_type=\"column\">\n\t\t\t<div class=\"elementor-widget-wrap elementor-element-populated\">\n\t\t\t\t\t\t\t\t<div class=\"elementor-element elementor-element-e6e22e2 elementor-widget elementor-widget-spacer\" data-id=\"e6e22e2\" data-element_type=\"widget\" data-widget_type=\"spacer.default\">\n\t\t\t\t<div class=\"elementor-widget-container\">\n\t\t\t\t\t<div class=\"elementor-spacer\">\n\t\t\t<div class=\"elementor-spacer-inner\"><\/div>\n\t\t<\/div>\n\t\t\t\t<\/div>\n\t\t\t\t<\/div>\n\t\t\t\t<div class=\"elementor-element elementor-element-0f6f726 elementor-widget elementor-widget-heading\" data-id=\"0f6f726\" data-element_type=\"widget\" data-widget_type=\"heading.default\">\n\t\t\t\t<div class=\"elementor-widget-container\">\n\t\t\t<h2 class=\"elementor-heading-title elementor-size-default\">Yhteis\u00f6tila Alvarin toiminta p\u00e4\u00e4ttyy 13.3.2026. Haluamme kiitt\u00e4\u00e4 kaikkia vuosien varrella tilalla vierailleita ihmisi\u00e4, yhteis\u00f6tilalla ty\u00f6skennelleit\u00e4 ty\u00f6ntekij\u00f6it\u00e4 ja vapaaehtoisia sek\u00e4 sidosryhmi\u00e4, joiden kanssa olemme saaneet tehd\u00e4 yhteisty\u00f6t\u00e4. Iso kiitos! <br><br>Yhteis\u00f6tila Alvari on Kulttuurivoimala \u2013 Culture Power Station ry:n yll\u00e4pit\u00e4m\u00e4 paikka kohtaamiselle, vapaalle olemiselle ja yhdess\u00e4 tekemiselle Oulun Meri-Toppilassa.<\/h2>\t\t<\/div>\n\t\t\t\t<\/div>\n\t\t\t\t<div class=\"elementor-element elementor-element-2eacb9f elementor-widget elementor-widget-text-editor\" data-id=\"2eacb9f\" data-element_type=\"widget\" data-widget_type=\"text-editor.default\">\n\t\t\t\t<div class=\"elementor-widget-container\">\n\t\t\t<style>\/*! elementor - v3.9.0 - 06-12-2022 *\/\n.elementor-widget-text-editor.elementor-drop-cap-view-stacked .elementor-drop-cap{background-color:#818a91;color:#fff}.elementor-widget-text-editor.elementor-drop-cap-view-framed .elementor-drop-cap{color:#818a91;border:3px solid;background-color:transparent}.elementor-widget-text-editor:not(.elementor-drop-cap-view-default) .elementor-drop-cap{margin-top:8px}.elementor-widget-text-editor:not(.elementor-drop-cap-view-default) .elementor-drop-cap-letter{width:1em;height:1em}.elementor-widget-text-editor .elementor-drop-cap{float:left;text-align:center;line-height:1;font-size:50px}.elementor-widget-text-editor .elementor-drop-cap-letter{display:inline-block}<\/style>\t\t\t\t<p>Alvarin toiminta on p\u00e4\u00e4s\u00e4\u00e4nt\u00f6isesti maksutonta alueen asukkaille kohdennettua toimintaa, joka tukee yhteis\u00f6llisyytt\u00e4, osallisuutta ja hyvinvointia mahdollistaen alueellista kulttuuria.<\/p><p>Alvarissa j\u00e4rjestet\u00e4\u00e4n Kulttuurivoimalan toimesta my\u00f6s ohjattua kerhotoimintaa, ty\u00f6pajoja sek\u00e4 tapahtumia. Alvarissa voit nauttia kahvia tai teet\u00e4 maksutta, vaihtaa kuulumisia ja lukea p\u00e4iv\u00e4n lehden. Lis\u00e4ksi Alvarissa voi k\u00e4ytt\u00e4\u00e4 tietokonetta ja tulostinta. Tilaa voit varata maksutta omaehtoisen toiminnan k\u00e4ytt\u00f6\u00f6n esimerkiksi pienille kokouksille tai ty\u00f6pajoille. Alvari on osa Oulun kaupungin yhteis\u00f6toiminnan yll\u00e4pit\u00e4m\u00e4\u00e4 asukastupaverkostoa.\u00a0<\/p>\t\t\t\t\t\t<\/div>\n\t\t\t\t<\/div>\n\t\t\t\t<div class=\"elementor-element elementor-element-ed3277e elementor-widget elementor-widget-spacer\" data-id=\"ed3277e\" data-element_type=\"widget\" data-widget_type=\"spacer.default\">\n\t\t\t\t<div class=\"elementor-widget-container\">\n\t\t\t\t\t<div class=\"elementor-spacer\">\n\t\t\t<div class=\"elementor-spacer-inner\"><\/div>\n\t\t<\/div>\n\t\t\t\t<\/div>\n\t\t\t\t<\/div>\n\t\t\t\t\t<\/div>\n\t\t<\/div>\n\t\t\t\t\t\t\t<\/div>\n\t\t<\/section>\n\t\t\t\t\t\t\t<\/div>","protected":false},"excerpt":{"rendered":"<p>Yhteis\u00f6tila Alvari Yhteis\u00f6tila Alvarin toiminta p\u00e4\u00e4ttyy 13.3.2026. Haluamme kiitt\u00e4\u00e4 kaikkia vuosien varrella tilalla vierailleita ihmisi\u00e4, yhteis\u00f6tilalla ty\u00f6skennelleit\u00e4 ty\u00f6ntekij\u00f6it\u00e4 ja vapaaehtoisia sek\u00e4 sidosryhmi\u00e4, joiden kanssa olemme saaneet tehd\u00e4 yhteisty\u00f6t\u00e4. Iso kiitos! Yhteis\u00f6tila Alvari on Kulttuurivoimala \u2013 Culture Power Station ry:n yll\u00e4pit\u00e4m\u00e4 paikka kohtaamiselle, vapaalle olemiselle ja yhdess\u00e4 tekemiselle Oulun Meri-Toppilassa. Alvarin toiminta on p\u00e4\u00e4s\u00e4\u00e4nt\u00f6isesti maksutonta alueen [&hellip;]<\/p>","protected":false},"author":1,"featured_media":0,"parent":0,"menu_order":0,"comment_status":"closed","ping_status":"closed","template":"","meta":[],"_links":{"self":[{"href":"https:\/\/www.yhteisotila.kulttuurivoimala.fi\/en\/wp-json\/wp\/v2\/pages\/6"}],"collection":[{"href":"https:\/\/www.yhteisotila.kulttuurivoimala.fi\/en\/wp-json\/wp\/v2\/pages"}],"about":[{"href":"https:\/\/www.yhteisotila.kulttuurivoimala.fi\/en\/wp-json\/wp\/v2\/types\/page"}],"author":[{"embeddable":true,"href":"https:\/\/www.yhteisotila.kulttuurivoimala.fi\/en\/wp-json\/wp\/v2\/users\/1"}],"replies":[{"embeddable":true,"href":"https:\/\/www.yhteisotila.kulttuurivoimala.fi\/en\/wp-json\/wp\/v2\/comments?post=6"}],"version-history":[{"count":705,"href":"https:\/\/www.yhteisotila.kulttuurivoimala.fi\/en\/wp-json\/wp\/v2\/pages\/6\/revisions"}],"predecessor-version":[{"id":1712,"href":"https:\/\/www.yhteisotila.kulttuurivoimala.fi\/en\/wp-json\/wp\/v2\/pages\/6\/revisions\/1712"}],"wp:attachment":[{"href":"https:\/\/www.yhteisotila.kulttuurivoimala.fi\/en\/wp-json\/wp\/v2\/media?parent=6"}],"curies":[{"name":"wp","href":"https:\/\/api.w.org\/{rel}","templated":true}]}}